{"id":9,"date":"2018-03-26T09:27:34","date_gmt":"2018-03-26T09:27:34","guid":{"rendered":"http:\/\/www.ampamartipol.net\/?page_id=9"},"modified":"2021-09-19T22:44:52","modified_gmt":"2021-09-19T20:44:52","slug":"contacto","status":"publish","type":"page","link":"https:\/\/www.ampamartipol.net\/index.php\/contacto\/","title":{"rendered":"Contacta amb l&#8217;AFA"},"content":{"rendered":"<p><img decoding=\"async\" width=\"300\" height=\"151\" src=\"http:\/\/www.ampamartipol.net\/wp-content\/uploads\/2018\/03\/contacte-300x151.jpg\" alt=\"\" loading=\"lazy\" srcset=\"http:\/\/www.ampamartipol.net\/wp-content\/uploads\/2018\/03\/contacte-300x151.jpg 300w, http:\/\/www.ampamartipol.net\/wp-content\/uploads\/2018\/03\/contacte-350x176.jpg 350w, http:\/\/www.ampamartipol.net\/wp-content\/uploads\/2018\/03\/contacte.jpg 540w\" sizes=\"auto, (max-width: 300px) 100vw, 300px\" \/>\t\t\t\t\t\t\t\t\t\t\t\t\t\t<\/p>\n<p>Aqu\u00ed podr\u00e0s contactar amb l&#8217;AFA. Fes el teu comentari, suggeriment, opini\u00f3 o solicitud de col.laboraci\u00f3 i envia&#8217;l.\u00a0 Et respondrem tan bon punt ho rebem!<\/p>\n<p>[contact-form-7 id=\u00bb315&#8243; title=\u00bbSin t\u00edtulo\u00bb]<\/p>\n<p>&#8211; Agra\u00efm i us animem a escriure les vostres opinions, per\u00f2 per favor,&nbsp;<strong>penseu primer el que voleu expressar.<br \/><\/strong>&#8211; Sigueu respectuosos en els vostres comentaris, i vigileu amb les dobles interpretacions.<br \/>&#8211; Totes les comissions de l&#8217;escola treballem de manera altruista i volunt\u00e0ria pel b\u00e9 de tots els nens i nenes de l&#8217;escola i nom\u00e9s per aix\u00f2 ja ens mereixem primer de tot, respecte.<\/p>\n<p>L&#8217;AMPA es reserva el dret d&#8217;esborrar els comentaris o missatges que no compleixin aquestes normes. <\/p>\n<h2>Enlla\u00e7os a xarxes socials de l&#8217;AFA<\/h2>\n<p>\t\t\t\t\t<a href=\"https:\/www.facebook.com\/AMPAMartiPolSanttFeliu\/\" target=\"_blank\" rel=\"noopener\"><br \/>\n\t\t\t\t\t\tFacebook<br \/>\n\t\t\t\t\t\t\t\t\t\t\t<\/a><br \/>\n\t\t\t\t\t<a href=\"https:\/\/twitter.com\/MiquelMartiPol1?ref_src=twsrc%5Etfw&#038;ref_url=http%3A%2F%2Fwww.xtec.cat%2Fcentres%2Fa8063394%2F\" target=\"_blank\" rel=\"noopener\"><br \/>\n\t\t\t\t\t\tTwitter<br \/>\n\t\t\t\t\t\t\t\t\t\t\t<\/a><br \/>\n\t\t\t\t\t<a href=\"https:\/\/www.instagram.com\/ampamartipol\/\" target=\"_blank\" rel=\"noopener\"><br \/>\n\t\t\t\t\t\tInstagram<br \/>\n\t\t\t\t\t\t\t\t\t\t\t<\/a><\/p>\n","protected":false},"excerpt":{"rendered":"<p>Aqu\u00ed podr\u00e0s contactar amb l&#8217;AFA. Fes el teu comentari, suggeriment, opini\u00f3 o solicitud de col.laboraci\u00f3 i envia&#8217;l.\u00a0 Et respondrem tan bon punt ho rebem! [contact-form-7 id=\u00bb315&#8243; title=\u00bbSin t\u00edtulo\u00bb] &#8211; Agra\u00efm i us animem a escriure les vostres opinions, per\u00f2 per favor,&nbsp;penseu primer el que voleu expressar.&#8211; Sigueu respectuosos en els<\/p>\n","protected":false},"author":1,"featured_media":0,"parent":0,"menu_order":0,"comment_status":"closed","ping_status":"closed","template":"","meta":{"footnotes":""},"class_list":["post-9","page","type-page","status-publish","hentry",""],"_links":{"self":[{"href":"https:\/\/www.ampamartipol.net\/index.php\/wp-json\/wp\/v2\/pages\/9","targetHints":{"allow":["GET"]}}],"collection":[{"href":"https:\/\/www.ampamartipol.net\/index.php\/wp-json\/wp\/v2\/pages"}],"about":[{"href":"https:\/\/www.ampamartipol.net\/index.php\/wp-json\/wp\/v2\/types\/page"}],"author":[{"embeddable":true,"href":"https:\/\/www.ampamartipol.net\/index.php\/wp-json\/wp\/v2\/users\/1"}],"replies":[{"embeddable":true,"href":"https:\/\/www.ampamartipol.net\/index.php\/wp-json\/wp\/v2\/comments?post=9"}],"version-history":[{"count":7,"href":"https:\/\/www.ampamartipol.net\/index.php\/wp-json\/wp\/v2\/pages\/9\/revisions"}],"predecessor-version":[{"id":5732,"href":"https:\/\/www.ampamartipol.net\/index.php\/wp-json\/wp\/v2\/pages\/9\/revisions\/5732"}],"wp:attachment":[{"href":"https:\/\/www.ampamartipol.net\/index.php\/wp-json\/wp\/v2\/media?parent=9"}],"curies":[{"name":"wp","href":"https:\/\/api.w.org\/{rel}","templated":true}]}}