{"id":8,"date":"2018-03-26T09:27:34","date_gmt":"2018-03-26T09:27:34","guid":{"rendered":"http:\/\/www.ampamartipol.net\/?page_id=8"},"modified":"2021-09-20T01:15:16","modified_gmt":"2021-09-19T23:15:16","slug":"acerca-de","status":"publish","type":"page","link":"https:\/\/www.ampamartipol.net\/index.php\/acerca-de\/","title":{"rendered":"Coneix l&#8217;AFA"},"content":{"rendered":"<p>L\u2019AFA \u00e9s una entitat sense \u00e0nim de lucre (no cerca cap mena de benefici material o econ\u00f2mic) formada per mares i pares de l\u2019escola, on totes les fam\u00edlies hi poden participar. De manera volunt\u00e0ria organitzem, pensem, participem, millorem, i compartim&#8230;<\/p>\n<p>Com a associaci\u00f3 estem inscrits legalment en el Registre d\u2019Associacions, ens representa una\u00a0 la\u00a0Junta que escollim cada 3 anys en l\u2019Assemblea General i ens regim per uns\u00a0Estatuts.<\/p>\n<h2>Perqu\u00e8 \u00e9s bo participar en l\u2019AMPA?<\/h2>\n<ul>\n<li>\n\t\t\t\t\t\t\t\t\t\tPerqu\u00e8 podr\u00e0s con\u00e8ixer i entendre com funciona l\u2019escola i la comunitat educativa.\n\t\t\t\t\t\t\t\t\t<\/li>\n<li>\n\t\t\t\t\t\t\t\t\t\tPerqu\u00e8 la distribuci\u00f3 de tasques entre tots facilita i agilitza el treball de tots.\n\t\t\t\t\t\t\t\t\t<\/li>\n<li>\n\t\t\t\t\t\t\t\t\t\tPerqu\u00e8 compartir idees, iniciatives i dubtes personals \u00e9s un bon cam\u00ed per arribar a una implicaci\u00f3 comuna.\n\t\t\t\t\t\t\t\t\t<\/li>\n<li>\n\t\t\t\t\t\t\t\t\t\tPerqu\u00e8 facilita la via d\u2019entesa i col.laboraci\u00f3 entre les fam\u00edlies i l\u2019escola\n\t\t\t\t\t\t\t\t\t<\/li>\n<li>\n\t\t\t\t\t\t\t\t\t\tPerqu\u00e8 les escoles amb l\u2019AMPA cohesionada i activa obtenen uns millors resultats educatius.\n\t\t\t\t\t\t\t\t\t<\/li>\n<\/ul>\n<h2>De quines maneres hi pots participar?<\/h2>\n<ul>\n<li>\n\t\t\t\t\t\t\t\t\t\tFer-se\u2019n soci\/a (20\u20ac per fam\u00edlia i any)\n\t\t\t\t\t\t\t\t\t<\/li>\n<li>\n\t\t\t\t\t\t\t\t\t\t\u203a De forma regular, assistint a les reunions i Assemblees que es convoquen, organitzant activitats, presentant-se per ser membre d\u2019alguna comissi\u00f3 de treball o de la Junta.\n\t\t\t\t\t\t\t\t\t<\/li>\n<li>\n\t\t\t\t\t\t\t\t\t\t\u203a Puntualment, donant suport a alguna activitat per a la qual es necessitin voluntaris, assitint a les festes, transmitint les teves inquietuts, sugger\u00e8ncies, idees, accedint al blog i consultant les not\u00edcies i els diferents apartats, informant d\u2019esdeveniments d\u2019inter\u00e8s com: beques, concursos, tallers, projectes\u2026\n\t\t\t\t\t\t\t\t\t<\/li>\n<\/ul>\n<h2>Quina finalitat t\u00e9 l\u2019AMPA?<\/h2>\n<ul>\n<li>\n\t\t\t\t\t\t\t\t\t\tContribuir a la millora de la qualitat de l\u2019ensenyament.\n\t\t\t\t\t\t\t\t\t<\/li>\n<li>\n\t\t\t\t\t\t\t\t\t\tPromoure la participaci\u00f3 de pares i mares en la comunitat educativa.\n\t\t\t\t\t\t\t\t\t<\/li>\n<li>\n\t\t\t\t\t\t\t\t\t\tFacilitar la relaci\u00f3 entre les fam\u00edlies i l\u2019escola.\n\t\t\t\t\t\t\t\t\t<\/li>\n<li>\n\t\t\t\t\t\t\t\t\t\tGarantir una bona informaci\u00f3 i comunicaci\u00f3.\n\t\t\t\t\t\t\t\t\t<\/li>\n<li>\n\t\t\t\t\t\t\t\t\t\tCol\u00b7laborar en la gesti\u00f3 de serveis com ara el menjador escolar, el reciclatge de llibres de text, les activitas extraescolars, les festes tradicionals, la festa fi de curs, la Colla Gegantera , l\u2019acollida&#8230;\n\t\t\t\t\t\t\t\t\t<\/li>\n<li>\n\t\t\t\t\t\t\t\t\t\tRepresentar les fam\u00edlies al Consell Escolar.\n\t\t\t\t\t\t\t\t\t<\/li>\n<\/ul>\n<h2>Quines activitats organitza\/gestiona l\u2019AMPA?<\/h2>\n<ul>\n<li>\n\t\t\t\t\t\t\t\t\t\tOrganitza les activitats extraescolars (preu especial soci\/a ampa).\n\t\t\t\t\t\t\t\t\t<\/li>\n<li>\n\t\t\t\t\t\t\t\t\t\tGestiona el servei de menjador i d\u2019acollida.\n\t\t\t\t\t\t\t\t\t<\/li>\n<li>\n\t\t\t\t\t\t\t\t\t\tOrganitza festes tradicionals\/escolars (castanyada, loteria de Nadal, festa de fi de curs, Sant Jordi&#8230;).\n\t\t\t\t\t\t\t\t\t<\/li>\n<li>\n\t\t\t\t\t\t\t\t\t\tGira rebuts, gestiona subvencions, beques, etc&#8230;\n\t\t\t\t\t\t\t\t\t<\/li>\n<li>\n\t\t\t\t\t\t\t\t\t\tPosa en marxa el Pla de Reutilitzaci\u00f3 de llibres\n\t\t\t\t\t\t\t\t\t<\/li>\n<li>\n\t\t\t\t\t\t\t\t\t\tD\u00f3na veu als Gegants de l\u2019escola, la Martina i el Pol.\n\t\t\t\t\t\t\t\t\t<\/li>\n<li>\n\t\t\t\t\t\t\t\t\t\tParticipa en activitats de cooperaci\u00f3 per campanyes solid\u00e0ries.\n\t\t\t\t\t\t\t\t\t<\/li>\n<\/ul>\n<h2>FES AMPA, FES ESCOLA!<\/h2>\n<p>Som la veu de totes les fam\u00edlies i per aix\u00f2 et necessitem.<br \/>\nTant se val si disposes d\u2019una hora al mes o a la setmana, la teva cooperaci\u00f3 \u00e9s valuosa.<\/p>\n<p>\t\t\t<a href=\"http:\/\/www.ampamartipol.net\/index.php\/contacto\/\" target=\"_blank\" role=\"button\" rel=\"noopener\"><br \/>\n\t\t\t\t\t\tPARTICIPES?<br \/>\n\t\t\t\t\t<\/a><\/p>\n","protected":false},"excerpt":{"rendered":"<p>L\u2019AFA \u00e9s una entitat sense \u00e0nim de lucre (no cerca cap mena de benefici material o econ\u00f2mic) formada per mares i pares de l\u2019escola, on totes les fam\u00edlies hi poden participar. De manera volunt\u00e0ria organitzem, pensem, participem, millorem, i compartim&#8230; Com a associaci\u00f3 estem inscrits legalment en el Registre d\u2019Associacions,<\/p>\n","protected":false},"author":1,"featured_media":0,"parent":0,"menu_order":0,"comment_status":"closed","ping_status":"closed","template":"","meta":{"footnotes":""},"class_list":["post-8","page","type-page","status-publish","hentry",""],"_links":{"self":[{"href":"https:\/\/www.ampamartipol.net\/index.php\/wp-json\/wp\/v2\/pages\/8","targetHints":{"allow":["GET"]}}],"collection":[{"href":"https:\/\/www.ampamartipol.net\/index.php\/wp-json\/wp\/v2\/pages"}],"about":[{"href":"https:\/\/www.ampamartipol.net\/index.php\/wp-json\/wp\/v2\/types\/page"}],"author":[{"embeddable":true,"href":"https:\/\/www.ampamartipol.net\/index.php\/wp-json\/wp\/v2\/users\/1"}],"replies":[{"embeddable":true,"href":"https:\/\/www.ampamartipol.net\/index.php\/wp-json\/wp\/v2\/comments?post=8"}],"version-history":[{"count":11,"href":"https:\/\/www.ampamartipol.net\/index.php\/wp-json\/wp\/v2\/pages\/8\/revisions"}],"predecessor-version":[{"id":5807,"href":"https:\/\/www.ampamartipol.net\/index.php\/wp-json\/wp\/v2\/pages\/8\/revisions\/5807"}],"wp:attachment":[{"href":"https:\/\/www.ampamartipol.net\/index.php\/wp-json\/wp\/v2\/media?parent=8"}],"curies":[{"name":"wp","href":"https:\/\/api.w.org\/{rel}","templated":true}]}}