{"id":79,"date":"2018-03-26T09:57:00","date_gmt":"2018-03-26T07:57:00","guid":{"rendered":"http:\/\/www.ampamartipol.net\/?page_id=79"},"modified":"2021-09-19T18:13:59","modified_gmt":"2021-09-19T16:13:59","slug":"obres","status":"publish","type":"page","link":"https:\/\/www.ampamartipol.net\/index.php\/comissions\/obres\/","title":{"rendered":"Comissi\u00f3 d&#8217;Obres"},"content":{"rendered":"<h2>Tasques<\/h2>\n<ul>\n<li>Hem creat aquesta comissi\u00f3 per donar suport des del primer moment a l&#8217;escola, per tal de refor\u00e7ar el projecte d&#8217;obres en diverses infraestructures<\/li>\n<li>L&#8217;objectiu principal \u00e9s vetllar pel correcte manteniment de l&#8217;escola i el bon funcionament de tot el que l&#8217;afecta.<\/li>\n<\/ul>\n<h2>Com participar-hi<\/h2>\n<p><a href=\"http:\/\/www.ampamartipol.net\/index.php\/contacto\/\">Contacta<\/a> amb nosaltres si vols participar en aquesta comissi\u00f3 o obtenir m\u00e9s informaci\u00f3 sobre el que fem.<\/p>\n","protected":false},"excerpt":{"rendered":"<p>Tasques Hem creat aquesta comissi\u00f3 per donar suport des del primer moment a l&#8217;escola, per tal de refor\u00e7ar el projecte d&#8217;obres en diverses infraestructures L&#8217;objectiu principal \u00e9s vetllar pel correcte manteniment de l&#8217;escola i el bon funcionament de tot el que l&#8217;afecta. Com participar-hi Contacta amb nosaltres si vols participar<\/p>\n","protected":false},"author":1,"featured_media":0,"parent":35,"menu_order":0,"comment_status":"closed","ping_status":"closed","template":"","meta":{"footnotes":""},"class_list":["post-79","page","type-page","status-publish","hentry",""],"_links":{"self":[{"href":"https:\/\/www.ampamartipol.net\/index.php\/wp-json\/wp\/v2\/pages\/79","targetHints":{"allow":["GET"]}}],"collection":[{"href":"https:\/\/www.ampamartipol.net\/index.php\/wp-json\/wp\/v2\/pages"}],"about":[{"href":"https:\/\/www.ampamartipol.net\/index.php\/wp-json\/wp\/v2\/types\/page"}],"author":[{"embeddable":true,"href":"https:\/\/www.ampamartipol.net\/index.php\/wp-json\/wp\/v2\/users\/1"}],"replies":[{"embeddable":true,"href":"https:\/\/www.ampamartipol.net\/index.php\/wp-json\/wp\/v2\/comments?post=79"}],"version-history":[{"count":18,"href":"https:\/\/www.ampamartipol.net\/index.php\/wp-json\/wp\/v2\/pages\/79\/revisions"}],"predecessor-version":[{"id":5696,"href":"https:\/\/www.ampamartipol.net\/index.php\/wp-json\/wp\/v2\/pages\/79\/revisions\/5696"}],"up":[{"embeddable":true,"href":"https:\/\/www.ampamartipol.net\/index.php\/wp-json\/wp\/v2\/pages\/35"}],"wp:attachment":[{"href":"https:\/\/www.ampamartipol.net\/index.php\/wp-json\/wp\/v2\/media?parent=79"}],"curies":[{"name":"wp","href":"https:\/\/api.w.org\/{rel}","templated":true}]}}