{"id":76,"date":"2018-03-26T09:56:09","date_gmt":"2018-03-26T07:56:09","guid":{"rendered":"http:\/\/www.ampamartipol.net\/?page_id=76"},"modified":"2021-09-19T23:23:01","modified_gmt":"2021-09-19T21:23:01","slug":"tresoreria","status":"publish","type":"page","link":"https:\/\/www.ampamartipol.net\/index.php\/comissions\/comissio-biblioteca\/tresoreria\/","title":{"rendered":"Comissi\u00f3 de Tresoreria"},"content":{"rendered":"<h2>Tasques<\/h2>\n<ul>\n<li>Gestionem el fons de l\u2019AFA d\u2019acord amb el Pla d\u2019acci\u00f3 aprovat en Junta General i amb el que es decideixi a les diferents reunions de la Junta<\/li>\n<li>Gestionar i elaborar els pressupostos\u00a0 i fer el seu seguiment econ\u00f2mic durant el curs.<\/li>\n<li>Recaptar i custodiar els fons de l\u2019Ampa, buscant sempre la m\u00e0xima optimitzaci\u00f3 dels recursos.<\/li>\n<li>Portar la comptabilitat (els comptes es tenen a disposici\u00f3 dels socis).<\/li>\n<li>Gestionar i fer el seguiment dels moviments bancaris.<\/li>\n<li>Canalitzar les necessitats econ\u00f2miques d\u2019altres comissions.<\/li>\n<li>Gestionar les incid\u00e8ncies econ\u00f2miques.<\/li>\n<li>Gestionar les subvencions i ajuts destinades a menjador per part de diferents Ajuntaments.<\/li>\n<\/ul>\n<p>\u00a0<\/p>\n<h2>Com participar-hi<\/h2>\n<p><a href=\"http:\/\/www.ampamartipol.net\/index.php\/contacto\/\">Contacta<\/a> amb nosaltres si vols participar en aquesta comissi\u00f3 o obtenir m\u00e9s informaci\u00f3 sobre el que fem. <\/p>\n","protected":false},"excerpt":{"rendered":"<p>Tasques Gestionem el fons de l\u2019AFA d\u2019acord amb el Pla d\u2019acci\u00f3 aprovat en Junta General i amb el que es decideixi a les diferents reunions de la Junta Gestionar i elaborar els pressupostos\u00a0 i fer el seu seguiment econ\u00f2mic durant el curs. Recaptar i custodiar els fons de l\u2019Ampa, buscant<\/p>\n","protected":false},"author":1,"featured_media":0,"parent":4502,"menu_order":0,"comment_status":"closed","ping_status":"closed","template":"","meta":{"footnotes":""},"class_list":["post-76","page","type-page","status-publish","hentry",""],"_links":{"self":[{"href":"https:\/\/www.ampamartipol.net\/index.php\/wp-json\/wp\/v2\/pages\/76","targetHints":{"allow":["GET"]}}],"collection":[{"href":"https:\/\/www.ampamartipol.net\/index.php\/wp-json\/wp\/v2\/pages"}],"about":[{"href":"https:\/\/www.ampamartipol.net\/index.php\/wp-json\/wp\/v2\/types\/page"}],"author":[{"embeddable":true,"href":"https:\/\/www.ampamartipol.net\/index.php\/wp-json\/wp\/v2\/users\/1"}],"replies":[{"embeddable":true,"href":"https:\/\/www.ampamartipol.net\/index.php\/wp-json\/wp\/v2\/comments?post=76"}],"version-history":[{"count":31,"href":"https:\/\/www.ampamartipol.net\/index.php\/wp-json\/wp\/v2\/pages\/76\/revisions"}],"predecessor-version":[{"id":5766,"href":"https:\/\/www.ampamartipol.net\/index.php\/wp-json\/wp\/v2\/pages\/76\/revisions\/5766"}],"up":[{"embeddable":true,"href":"https:\/\/www.ampamartipol.net\/index.php\/wp-json\/wp\/v2\/pages\/4502"}],"wp:attachment":[{"href":"https:\/\/www.ampamartipol.net\/index.php\/wp-json\/wp\/v2\/media?parent=76"}],"curies":[{"name":"wp","href":"https:\/\/api.w.org\/{rel}","templated":true}]}}