{"id":51,"date":"2018-03-26T09:47:03","date_gmt":"2018-03-26T09:47:03","guid":{"rendered":"http:\/\/www.ampamartipol.net\/?page_id=51"},"modified":"2022-01-24T08:52:42","modified_gmt":"2022-01-24T07:52:42","slug":"descarregat-el-que-necessitis","status":"publish","type":"page","link":"https:\/\/www.ampamartipol.net\/index.php\/descarregat-el-que-necessitis\/","title":{"rendered":"Descarrega&#8217;t el que necessitis"},"content":{"rendered":"<p><a href=\"https:\/\/drive.google.com\/file\/d\/1FtU2qZfMNTqjswUTEnk-5cXchTm_kjSx\/view?usp=sharing\" target=\"_blank\" rel=\"noopener\"><br \/>\n\t\t\t\t\t\t\t\t<\/a><\/p>\n<h6>\n\t\t\t\t\t<a href=\"https:\/\/drive.google.com\/file\/d\/1FtU2qZfMNTqjswUTEnk-5cXchTm_kjSx\/view?usp=sharing\" target=\"_blank\" rel=\"noopener\"><br \/>\n\t\t\t\t\t\tSol.licitud d&#8217;Alta Soci\u200b\t\t\t\t\t<\/a><br \/>\n\t\t\t\t<\/h6>\n<p>\n\t\t\t\t\t\tSi voleu formar part de l&#8217;AMPA .\t\t\t\t\t<\/p>\n<p>\t\t\t\t<a href=\"http:\/\/www.ampamartipol.net\/wp-content\/uploads\/2018\/09\/AUTORITZACIO-i-DADES-ALUMNES.pdf\" target=\"_blank\" rel=\"noopener\"><br \/>\n\t\t\t\t\t\t\t\t<\/a><\/p>\n<h6>\n\t\t\t\t\t<a href=\"http:\/\/www.ampamartipol.net\/wp-content\/uploads\/2018\/09\/AUTORITZACIO-i-DADES-ALUMNES.pdf\" target=\"_blank\" rel=\"noopener\"><br \/>\n\t\t\t\t\t\tAutoritzaci\u00f3 Drets d&#8217;imatge\t\t\t\t\t<\/a><br \/>\n\t\t\t\t<\/h6>\n<p>\n\t\t\t\t\t\tRegulat per la Llei 5\/1982, de 5 de maig, sobre el dret a l\u2019honor, a la intimitat personal i familiar i a la pr\u00f2pia imatge; \u00e9s necessari el consentiment dels pares\/mares\/tutors legals per poder publicar fotografies on apareguin els nostres fills i on siguin clarament identificables.\t\t\t\t\t<\/p>\n<p>\t\t\t\t<a href=\"https:\/\/drive.google.com\/file\/d\/1q4ofFtCmj4PlzJ7-CkGSyzLoObbtHIOn\/view?usp=sharing\" target=\"_blank\" rel=\"noopener\"><br \/>\n\t\t\t\t\t\t\t\t<\/a><\/p>\n<h6>\n\t\t\t\t\t<a href=\"https:\/\/drive.google.com\/file\/d\/1q4ofFtCmj4PlzJ7-CkGSyzLoObbtHIOn\/view?usp=sharing\" target=\"_blank\" rel=\"noopener\"><br \/>\n\t\t\t\t\t\tActes de la Junta\u200b\t\t\t\t\t<\/a><br \/>\n\t\t\t\t<\/h6>\n<p>\n\t\t\t\t\t\tLa Junta es reuneix regularment i de manera oberta a tots els socis de l\u2019AMPA. En aquest apartat trobareu la relaci\u00f3 de les actes de les reunions de la Junta\t\t\t\t\t<\/p>\n<p>\t\t\t\t<a href=\"https:\/\/drive.google.com\/file\/d\/1BcAWLbX32Zf34CmxI0v6J77JZp6kJ1Xc\/view?usp=sharing\"><br \/>\n\t\t\t\t\t\t\t\t<\/a><\/p>\n<h6>\n\t\t\t\t\t<a href=\"https:\/\/drive.google.com\/file\/d\/1BcAWLbX32Zf34CmxI0v6J77JZp6kJ1Xc\/view?usp=sharing\" ><br \/>\n\t\t\t\t\t\tDomiciliaci\u00f3 Banc\u00e0ria (SEPA\/IBAN)\t\t\t\t\t<\/a><br \/>\n\t\t\t\t<\/h6>\n<p>\n\t\t\t\t\t\tPer realitzar pagaments domiciliats \u00e9s imprescindible lliurar a l&#8217;AMPA una autoritzaci\u00f3 del titular del compte per a realitzar l&#8217;ordre de domiciliaci\u00f3 signada.\t\t\t\t\t<\/p>\n<p>\t\t\t\t<a href=\"http:\/\/www.ampamartipol.net\/index.php\/elementor-5046\/\" target=\"_blank\" rel=\"noopener\"><br \/>\n\t\t\t\t\t\t\t\t<\/a><\/p>\n<h6>\n\t\t\t\t\t<a href=\"http:\/\/www.ampamartipol.net\/index.php\/elementor-5046\/\" target=\"_blank\" rel=\"noopener\"><br \/>\n\t\t\t\t\t\tServei Menjador\u200b\t\t\t\t\t<\/a><br \/>\n\t\t\t\t<\/h6>\n<p>\n\t\t\t\t\t\tEl servei de menjador est\u00e0 gestionat per l&#8217;AMPA i DACOR Educaci\u00f3 i Esport i Roca Gonz\u00e1lez. Consulteu la normativa.\t\t\t\t\t<\/p>\n<p>\t\t\t\t<a href=\"https:\/\/agora.xtec.cat\/escolamartipolsantfeliu\/\"><br \/>\n\t\t\t\t\t\t\t\t<\/a><\/p>\n<h6>\n\t\t\t\t\t<a href=\"https:\/\/agora.xtec.cat\/escolamartipolsantfeliu\/\" ><br \/>\n\t\t\t\t\t\tInformacions pr\u00e0ctiques de l&#8217;escola\u200b\t\t\t\t\t<\/a><br \/>\n\t\t\t\t<\/h6>\n<p>\n\t\t\t\t\t\tConsulteu en aquest link les informacions pr\u00e0ctiques de l&#8217;escola respecte els projectes, serveis, i els diferents nivells d&#8217;ensenyament.\t\t\t\t\t<\/p>\n<p>\t\t\t\t<a href=\"http:\/\/www.ampamartipol.net\/index.php\/servei-dacollida\/\" target=\"_blank\" rel=\"noopener\"><br \/>\n\t\t\t\t\t\t\t\t<\/a><\/p>\n<h6>\n\t\t\t\t\t<a href=\"http:\/\/www.ampamartipol.net\/index.php\/servei-dacollida\/\" target=\"_blank\" rel=\"noopener\"><br \/>\n\t\t\t\t\t\tServei Acollida\t\t\t\t\t<\/a><br \/>\n\t\t\t\t<\/h6>\n<p>\n\t\t\t\t\t\tInformaci\u00f3 general del servei d&#8217;acollida i preus.\t\t\t\t\t<\/p>\n<p>\t\t\t\t<a href=\"https:\/\/drive.google.com\/file\/d\/0B8MOUJjSY37Ra3lLaDFZWUd3WEU\/view\" target=\"_blank\" rel=\"noopener\"><br \/>\n\t\t\t\t\t\t\t\t<\/a><\/p>\n<h6>\n\t\t\t\t\t<a href=\"https:\/\/drive.google.com\/file\/d\/0B8MOUJjSY37Ra3lLaDFZWUd3WEU\/view\" target=\"_blank\" rel=\"noopener\"><br \/>\n\t\t\t\t\t\tNous Estatuts de l&#8217;AMPA\t\t\t\t\t<\/a><br \/>\n\t\t\t\t<\/h6>\n<p>\n\t\t\t\t\t\tEls Estatuts s\u00f3n una eina clau i molt important per a tota associaci\u00f3, tamb\u00e9 per a l\u2019AMPA, ja que estableixen el r\u00e8gim legal del seu funcionament. \t\t\t\t\t<\/p>\n","protected":false},"excerpt":{"rendered":"<p>Sol.licitud d&#8217;Alta Soci\u200b Si voleu formar part de l&#8217;AMPA . Autoritzaci\u00f3 Drets d&#8217;imatge Regulat per la Llei 5\/1982, de 5 de maig, sobre el dret a l\u2019honor, a la intimitat personal i familiar i a la pr\u00f2pia imatge; \u00e9s necessari el consentiment dels pares\/mares\/tutors legals per poder publicar fotografies on<\/p>\n","protected":false},"author":1,"featured_media":0,"parent":0,"menu_order":0,"comment_status":"closed","ping_status":"closed","template":"","meta":{"footnotes":""},"class_list":["post-51","page","type-page","status-publish","hentry",""],"_links":{"self":[{"href":"https:\/\/www.ampamartipol.net\/index.php\/wp-json\/wp\/v2\/pages\/51","targetHints":{"allow":["GET"]}}],"collection":[{"href":"https:\/\/www.ampamartipol.net\/index.php\/wp-json\/wp\/v2\/pages"}],"about":[{"href":"https:\/\/www.ampamartipol.net\/index.php\/wp-json\/wp\/v2\/types\/page"}],"author":[{"embeddable":true,"href":"https:\/\/www.ampamartipol.net\/index.php\/wp-json\/wp\/v2\/users\/1"}],"replies":[{"embeddable":true,"href":"https:\/\/www.ampamartipol.net\/index.php\/wp-json\/wp\/v2\/comments?post=51"}],"version-history":[{"count":73,"href":"https:\/\/www.ampamartipol.net\/index.php\/wp-json\/wp\/v2\/pages\/51\/revisions"}],"predecessor-version":[{"id":6187,"href":"https:\/\/www.ampamartipol.net\/index.php\/wp-json\/wp\/v2\/pages\/51\/revisions\/6187"}],"wp:attachment":[{"href":"https:\/\/www.ampamartipol.net\/index.php\/wp-json\/wp\/v2\/media?parent=51"}],"curies":[{"name":"wp","href":"https:\/\/api.w.org\/{rel}","templated":true}]}}