{"id":5060,"date":"2021-03-17T01:51:27","date_gmt":"2021-03-17T00:51:27","guid":{"rendered":"http:\/\/www.ampamartipol.net\/?page_id=5060"},"modified":"2022-06-07T18:07:26","modified_gmt":"2022-06-07T16:07:26","slug":"menus","status":"publish","type":"page","link":"https:\/\/www.ampamartipol.net\/index.php\/comissions\/menjador\/menus\/","title":{"rendered":"Men\u00fas"},"content":{"rendered":"<h6>El Blog del menjador<\/h6>\n<p>En el seg\u00fcent enlla\u00e7 trobareu el blog del menjador per l&#8217;equip de Dacor. Podreu trobar tamb\u00e9 informaci\u00f3 dels men\u00fas per cada mes i les\u00a0 propostes de sopars. Podreu trobar: <\/p>\n<p>\ud83c\udf7d\ufe0f Men\u00fas mensuals i propostes de sopars.<br \/>\ud83d\udcf8 Fotografies de quin monitor est\u00e0 a cada curs.<br \/>\ud83e\uddee Planificaci\u00f3 de les activitats de menjador (trimestral)<br \/>\ud83d\udcf7 Fotos de les activitats dels vostres fills\/es (trimestral)<br \/>\ud83d\uddc3\ufe0fDocumentaci\u00f3 menjador<br \/>\ud83d\udd0aInformaci\u00f3 de canals de comunicaci\u00f3.<\/p>\n<p>\t\t\t<a href=\"https:\/\/www.menjadorescolamiquelmartipol.com\/\" target=\"_blank\" role=\"button\" rel=\"noopener\"><br \/>\n\t\t\t\t\t\tVisita el blog del Menjador de l&#8217;Escola \/ Men\u00fas mensuals<br \/>\n\t\t\t\t\t<\/a><\/p>\n","protected":false},"excerpt":{"rendered":"<p>El Blog del menjador En el seg\u00fcent enlla\u00e7 trobareu el blog del menjador per l&#8217;equip de Dacor. Podreu trobar tamb\u00e9 informaci\u00f3 dels men\u00fas per cada mes i les\u00a0 propostes de sopars. Podreu trobar: \ud83c\udf7d\ufe0f Men\u00fas mensuals i propostes de sopars.\ud83d\udcf8 Fotografies de quin monitor est\u00e0 a cada curs.\ud83e\uddee Planificaci\u00f3 de<\/p>\n","protected":false},"author":1,"featured_media":0,"parent":37,"menu_order":0,"comment_status":"closed","ping_status":"closed","template":"","meta":{"footnotes":""},"class_list":["post-5060","page","type-page","status-publish","hentry",""],"_links":{"self":[{"href":"https:\/\/www.ampamartipol.net\/index.php\/wp-json\/wp\/v2\/pages\/5060","targetHints":{"allow":["GET"]}}],"collection":[{"href":"https:\/\/www.ampamartipol.net\/index.php\/wp-json\/wp\/v2\/pages"}],"about":[{"href":"https:\/\/www.ampamartipol.net\/index.php\/wp-json\/wp\/v2\/types\/page"}],"author":[{"embeddable":true,"href":"https:\/\/www.ampamartipol.net\/index.php\/wp-json\/wp\/v2\/users\/1"}],"replies":[{"embeddable":true,"href":"https:\/\/www.ampamartipol.net\/index.php\/wp-json\/wp\/v2\/comments?post=5060"}],"version-history":[{"count":19,"href":"https:\/\/www.ampamartipol.net\/index.php\/wp-json\/wp\/v2\/pages\/5060\/revisions"}],"predecessor-version":[{"id":6539,"href":"https:\/\/www.ampamartipol.net\/index.php\/wp-json\/wp\/v2\/pages\/5060\/revisions\/6539"}],"up":[{"embeddable":true,"href":"https:\/\/www.ampamartipol.net\/index.php\/wp-json\/wp\/v2\/pages\/37"}],"wp:attachment":[{"href":"https:\/\/www.ampamartipol.net\/index.php\/wp-json\/wp\/v2\/media?parent=5060"}],"curies":[{"name":"wp","href":"https:\/\/api.w.org\/{rel}","templated":true}]}}