{"id":4502,"date":"2020-03-05T19:06:24","date_gmt":"2020-03-05T18:06:24","guid":{"rendered":"http:\/\/www.ampamartipol.net\/?page_id=4502"},"modified":"2022-12-09T01:31:29","modified_gmt":"2022-12-09T00:31:29","slug":"comissio-biblioteca","status":"publish","type":"page","link":"https:\/\/www.ampamartipol.net\/index.php\/comissions\/comissio-biblioteca\/","title":{"rendered":"Comissi\u00f3 de Biblioteca"},"content":{"rendered":"<p><img decoding=\"async\" src=\"http:\/\/www.ampamartipol.net\/wp-content\/uploads\/2021\/02\/biblio.jpg\" alt=\"\" loading=\"lazy\" srcset=\"http:\/\/www.ampamartipol.net\/wp-content\/uploads\/2021\/02\/biblio.jpg 600w, http:\/\/www.ampamartipol.net\/wp-content\/uploads\/2021\/02\/biblio-510x510.jpg 510w, http:\/\/www.ampamartipol.net\/wp-content\/uploads\/2021\/02\/biblio-350x349.jpg 350w\" sizes=\"auto, (max-width: 600px) 100vw, 600px\" width=\"600\" height=\"599\"><\/p>\n<h2>Tasques<\/h2>\n<ul>\n<li>Organitzar trobades de contes<\/li>\n<li>Consulta i pr\u00e9stec de llibres<\/li>\n<\/ul>\n<h2>Vols participar?<\/h2>\n<p><a href=\"http:\/\/www.ampamartipol.net\/index.php\/contacto\/\">Contacta<\/a> amb nosaltres si vols participar en aquesta comissi\u00f3 o obtenir m\u00e9s informaci\u00f3 sobre el que fem.<\/p>\n<p>Email comissi\u00f3:<\/p>\n<p><a href=\"mailto:biblioteca@ampamartipol.net\">biblioteca@ampamartipol.net<\/a><\/p>\n","protected":false},"excerpt":{"rendered":"<p>Tasques Organitzar trobades de contes Consulta i pr\u00e9stec de llibres Vols participar? Contacta amb nosaltres si vols participar en aquesta comissi\u00f3 o obtenir m\u00e9s informaci\u00f3 sobre el que fem. Email comissi\u00f3: biblioteca@ampamartipol.net<\/p>\n","protected":false},"author":1,"featured_media":0,"parent":35,"menu_order":0,"comment_status":"closed","ping_status":"closed","template":"","meta":{"footnotes":""},"class_list":["post-4502","page","type-page","status-publish","hentry",""],"_links":{"self":[{"href":"https:\/\/www.ampamartipol.net\/index.php\/wp-json\/wp\/v2\/pages\/4502","targetHints":{"allow":["GET"]}}],"collection":[{"href":"https:\/\/www.ampamartipol.net\/index.php\/wp-json\/wp\/v2\/pages"}],"about":[{"href":"https:\/\/www.ampamartipol.net\/index.php\/wp-json\/wp\/v2\/types\/page"}],"author":[{"embeddable":true,"href":"https:\/\/www.ampamartipol.net\/index.php\/wp-json\/wp\/v2\/users\/1"}],"replies":[{"embeddable":true,"href":"https:\/\/www.ampamartipol.net\/index.php\/wp-json\/wp\/v2\/comments?post=4502"}],"version-history":[{"count":30,"href":"https:\/\/www.ampamartipol.net\/index.php\/wp-json\/wp\/v2\/pages\/4502\/revisions"}],"predecessor-version":[{"id":6743,"href":"https:\/\/www.ampamartipol.net\/index.php\/wp-json\/wp\/v2\/pages\/4502\/revisions\/6743"}],"up":[{"embeddable":true,"href":"https:\/\/www.ampamartipol.net\/index.php\/wp-json\/wp\/v2\/pages\/35"}],"wp:attachment":[{"href":"https:\/\/www.ampamartipol.net\/index.php\/wp-json\/wp\/v2\/media?parent=4502"}],"curies":[{"name":"wp","href":"https:\/\/api.w.org\/{rel}","templated":true}]}}