{"id":45,"date":"2018-03-26T09:39:02","date_gmt":"2018-03-26T07:39:02","guid":{"rendered":"http:\/\/www.ampamartipol.net\/?page_id=45"},"modified":"2021-09-19T22:35:47","modified_gmt":"2021-09-19T20:35:47","slug":"casal-destiu","status":"publish","type":"page","link":"https:\/\/www.ampamartipol.net\/index.php\/comissions\/casal-destiu\/","title":{"rendered":"Comissi\u00f3 de Casal d&#8217;Estiu"},"content":{"rendered":"<h2>Tasques <\/h2>\n<ul>\n<li>Coordinar amb el prove\u00efdor del servei, l\u2019organitzaci\u00f3 del casal d\u2019estiu (vacances juny juliol, i setembre).<\/li>\n<li>Facilitar informaci\u00f3 a totes les fam\u00edlies interessades en inscriure\u2019s (xerrades informatives, comunicats).<\/li>\n<li>Fer el seguiment del funcionament del casal i resoldre les incid\u00e8ncies.<\/li>\n<li>Facilitar la comunicaci\u00f3 entre el prove\u00efdor i les fam\u00edlies.<\/li>\n<li>Vetllar per la qualitat del servei i la seva millora continua.<\/li>\n<\/ul>\n<h2>Vols participar?<\/h2>\n<p><a href=\"http:\/\/www.ampamartipol.net\/index.php\/contacto\/\">Contacta<\/a> amb nosaltres si vols participar en aquesta comissi\u00f3 o obtenir m\u00e9s informaci\u00f3 sobre el que fem.<\/p>\n","protected":false},"excerpt":{"rendered":"<p>Tasques Coordinar amb el prove\u00efdor del servei, l\u2019organitzaci\u00f3 del casal d\u2019estiu (vacances juny juliol, i setembre). Facilitar informaci\u00f3 a totes les fam\u00edlies interessades en inscriure\u2019s (xerrades informatives, comunicats). Fer el seguiment del funcionament del casal i resoldre les incid\u00e8ncies. Facilitar la comunicaci\u00f3 entre el prove\u00efdor i les fam\u00edlies. Vetllar per<\/p>\n","protected":false},"author":1,"featured_media":0,"parent":35,"menu_order":0,"comment_status":"closed","ping_status":"closed","template":"","meta":{"footnotes":""},"class_list":["post-45","page","type-page","status-publish","hentry",""],"_links":{"self":[{"href":"https:\/\/www.ampamartipol.net\/index.php\/wp-json\/wp\/v2\/pages\/45","targetHints":{"allow":["GET"]}}],"collection":[{"href":"https:\/\/www.ampamartipol.net\/index.php\/wp-json\/wp\/v2\/pages"}],"about":[{"href":"https:\/\/www.ampamartipol.net\/index.php\/wp-json\/wp\/v2\/types\/page"}],"author":[{"embeddable":true,"href":"https:\/\/www.ampamartipol.net\/index.php\/wp-json\/wp\/v2\/users\/1"}],"replies":[{"embeddable":true,"href":"https:\/\/www.ampamartipol.net\/index.php\/wp-json\/wp\/v2\/comments?post=45"}],"version-history":[{"count":16,"href":"https:\/\/www.ampamartipol.net\/index.php\/wp-json\/wp\/v2\/pages\/45\/revisions"}],"predecessor-version":[{"id":5717,"href":"https:\/\/www.ampamartipol.net\/index.php\/wp-json\/wp\/v2\/pages\/45\/revisions\/5717"}],"up":[{"embeddable":true,"href":"https:\/\/www.ampamartipol.net\/index.php\/wp-json\/wp\/v2\/pages\/35"}],"wp:attachment":[{"href":"https:\/\/www.ampamartipol.net\/index.php\/wp-json\/wp\/v2\/media?parent=45"}],"curies":[{"name":"wp","href":"https:\/\/api.w.org\/{rel}","templated":true}]}}