{"id":43,"date":"2018-03-26T09:38:51","date_gmt":"2018-03-26T07:38:51","guid":{"rendered":"http:\/\/www.ampamartipol.net\/?page_id=43"},"modified":"2021-11-22T11:47:12","modified_gmt":"2021-11-22T10:47:12","slug":"comunicacio","status":"publish","type":"page","link":"https:\/\/www.ampamartipol.net\/index.php\/comissions\/comunicacio\/","title":{"rendered":"Comissi\u00f3 de Comunicaci\u00f3"},"content":{"rendered":"<h2>Membres<\/h2>\n<figure><img decoding=\"async\" width=\"300\" height=\"300\" src=\"http:\/\/www.ampamartipol.net\/wp-content\/uploads\/2018\/11\/014-worker-300x300.png\" alt=\"\" loading=\"lazy\" \/><\/figure>\n<h4>Abigail<\/h4>\n<figure><img decoding=\"async\" width=\"300\" height=\"300\" src=\"http:\/\/www.ampamartipol.net\/wp-content\/uploads\/2018\/11\/014-worker-300x300.png\" alt=\"\" loading=\"lazy\" \/><\/figure>\n<h4>Lorena<\/h4>\n<figure><img decoding=\"async\" width=\"300\" height=\"300\" src=\"http:\/\/www.ampamartipol.net\/wp-content\/uploads\/2018\/11\/023-woman-7-300x300.png\" alt=\"\" loading=\"lazy\" \/><\/figure>\n<h4>Laura<\/h4>\n<figure><img decoding=\"async\" width=\"300\" height=\"300\" src=\"http:\/\/www.ampamartipol.net\/wp-content\/uploads\/2018\/11\/018-young-300x300.png\" alt=\"\" loading=\"lazy\" \/><\/figure>\n<h4>Ricard<\/h4>\n<figure><img decoding=\"async\" width=\"300\" height=\"300\" src=\"http:\/\/www.ampamartipol.net\/wp-content\/uploads\/2018\/11\/025-man-11-300x300.png\" alt=\"\" loading=\"lazy\" \/><\/figure>\n<h4>L\u00e1zaro Garcia<\/h4>\n<h2>Tasques<\/h2>\n<ul>\n<li>Coordinar la comunicaci\u00f3 entre fam\u00edlies, AMPA i escola. Alhora donem suport a la resta de comissions perqu\u00e8 la informaci\u00f3 que necessitin donar a les fam\u00edlies i arribi de forma \u00f2ptima.<\/li>\n<li>Elaborar el pla de comunicaci\u00f3 anual perqu\u00e8 sigui aprovat per la Junta Directiva i Direcci\u00f3 de l\u2019Escola.<\/li>\n<li>Gestionar i dissenyem el blog de l\u2019AFA, actualitzem les not\u00edcies i creem nou continguts.<\/li>\n<li>Elaborarem i fem el seguiment de les publicacions del Facebook de l\u2019AMPA.<\/li>\n<li>Dinamitzar els diferents canals de comunicaci\u00f3 que l\u2019Ampa t\u00e9 amb les fam\u00edlies.<\/li>\n<li>Treballar conjuntament amb totes les comissions i delegades per tal de poderdifondre informacions d&#8217;inter\u00e8s.<\/li>\n<li>Busquem la implicaci\u00f3 de les fam\u00edlies, en les diferents comissions.<\/li>\n<\/ul>\n<h2>Contacte<\/h2>\n<p>Contacta amb nosaltres si vols participar en aquesta comissi\u00f3 o obtenir m\u00e9s informaci\u00f3 sobre el que fem.<\/p>\n<figure><img decoding=\"async\" width=\"632\" height=\"632\" src=\"http:\/\/www.ampamartipol.net\/wp-content\/uploads\/2021\/09\/que-es-email-correo-electronico-640x640-1-632x632.jpg\" alt=\"\" loading=\"lazy\" \/><\/figure>\n<h4>\n<p><a href=\"mailto:comunicacio@ampamartipol.net\" style=\"box-sizing: inherit; color: rgb(68, 68, 68); outline: 0px; font-family: Muli; font-size: 1rem; font-weight: normal; letter-spacing: normal; white-space: normal;\">comunicacio@ampamartipol.net<\/a><\/h4>\n","protected":false},"excerpt":{"rendered":"<p>Membres Abigail Lorena Laura Ricard L\u00e1zaro Garcia Tasques Coordinar la comunicaci\u00f3 entre fam\u00edlies, AMPA i escola. Alhora donem suport a la resta de comissions perqu\u00e8 la informaci\u00f3 que necessitin donar a les fam\u00edlies i arribi de forma \u00f2ptima. Elaborar el pla de comunicaci\u00f3 anual perqu\u00e8 sigui aprovat per la Junta<\/p>\n","protected":false},"author":1,"featured_media":0,"parent":35,"menu_order":0,"comment_status":"closed","ping_status":"closed","template":"","meta":{"footnotes":""},"class_list":["post-43","page","type-page","status-publish","hentry",""],"_links":{"self":[{"href":"https:\/\/www.ampamartipol.net\/index.php\/wp-json\/wp\/v2\/pages\/43","targetHints":{"allow":["GET"]}}],"collection":[{"href":"https:\/\/www.ampamartipol.net\/index.php\/wp-json\/wp\/v2\/pages"}],"about":[{"href":"https:\/\/www.ampamartipol.net\/index.php\/wp-json\/wp\/v2\/types\/page"}],"author":[{"embeddable":true,"href":"https:\/\/www.ampamartipol.net\/index.php\/wp-json\/wp\/v2\/users\/1"}],"replies":[{"embeddable":true,"href":"https:\/\/www.ampamartipol.net\/index.php\/wp-json\/wp\/v2\/comments?post=43"}],"version-history":[{"count":89,"href":"https:\/\/www.ampamartipol.net\/index.php\/wp-json\/wp\/v2\/pages\/43\/revisions"}],"predecessor-version":[{"id":6113,"href":"https:\/\/www.ampamartipol.net\/index.php\/wp-json\/wp\/v2\/pages\/43\/revisions\/6113"}],"up":[{"embeddable":true,"href":"https:\/\/www.ampamartipol.net\/index.php\/wp-json\/wp\/v2\/pages\/35"}],"wp:attachment":[{"href":"https:\/\/www.ampamartipol.net\/index.php\/wp-json\/wp\/v2\/media?parent=43"}],"curies":[{"name":"wp","href":"https:\/\/api.w.org\/{rel}","templated":true}]}}