{"id":41,"date":"2018-03-26T09:38:43","date_gmt":"2018-03-26T07:38:43","guid":{"rendered":"http:\/\/www.ampamartipol.net\/?page_id=41"},"modified":"2024-07-28T23:42:29","modified_gmt":"2024-07-28T21:42:29","slug":"extraescolars","status":"publish","type":"page","link":"https:\/\/www.ampamartipol.net\/index.php\/comissions\/extraescolars\/","title":{"rendered":"Comissi\u00f3 Extraescolars"},"content":{"rendered":"<figure><img decoding=\"async\" width=\"300\" height=\"300\" src=\"http:\/\/www.ampamartipol.net\/wp-content\/uploads\/2018\/11\/014-worker-300x300.png\" alt=\"\" loading=\"lazy\" \/><\/figure>\n<h4>Marta<\/h4>\n<\/p>\n<figure><img decoding=\"async\" width=\"300\" height=\"300\" src=\"http:\/\/www.ampamartipol.net\/wp-content\/uploads\/2018\/11\/014-worker-300x300.png\" alt=\"\" loading=\"lazy\" \/><\/figure>\n<h4>Rachel<\/h4>\n<figure><img decoding=\"async\" width=\"300\" height=\"300\" src=\"http:\/\/www.ampamartipol.net\/wp-content\/uploads\/2018\/11\/023-woman-7-300x300.png\" alt=\"\" loading=\"lazy\" \/><\/figure>\n<h4>M\u00f2nica<\/h4>\n<figure><img decoding=\"async\" width=\"300\" height=\"300\" src=\"http:\/\/www.ampamartipol.net\/wp-content\/uploads\/2018\/11\/018-young-300x300.png\" alt=\"\" loading=\"lazy\" \/><\/figure>\n<h4>Ricard<\/h4>\n<figure><img decoding=\"async\" width=\"300\" height=\"300\" src=\"http:\/\/www.ampamartipol.net\/wp-content\/uploads\/2018\/11\/025-man-11-300x300.png\" alt=\"\" loading=\"lazy\" \/><\/figure>\n<h4>Xavi<\/h4>\n<figure><img decoding=\"async\" width=\"300\" height=\"300\" src=\"http:\/\/www.ampamartipol.net\/wp-content\/uploads\/2018\/11\/023-woman-7-1-300x300.png\" alt=\"\" loading=\"lazy\" \/><\/figure>\n<h4>Cris<\/h4>\n<h2>Tasques<\/h2>\n<ul>\n<li>Coordinar i gestionar amb diferents prove\u00efdors cada una de les activitats, vetllant en tot moment per la seva qualitat i millora continua.<\/li>\n<li>Seleccionar i contractar els prove\u00efdors de cada una de les activitats.<\/li>\n<li>Facilitar informaci\u00f3 a totes les fam\u00edlies interessades en inscriure\u2019s.<\/li>\n<li>Mediar entre el prove\u00efdor i les fam\u00edlies.<\/li>\n<li>Vetllar pel bon funcionament de les activitats junt amb l&#8217;escola.<\/li>\n<li>Resoldre incid\u00e8ncies.<\/li>\n<li>Fer les valoracions finals de les activitats, de cara a millorar el servei pels propers cursos.<\/li>\n<\/ul>\n<h2>Informaci\u00f3 i enlla\u00e7os d&#8217;inter\u00e8s pel curs 2024\/2025<br \/><\/h2>\n<p>En els seg\u00fcents enlla\u00e7os trobareu una descripci\u00f3 detallada de les propostes, condicions i horaris aix\u00ed com el formulari per realitzar altes, baixes o modificacions durant tot el curs escolar.<\/p>\n<p>\t\t\t<a href=\"https:\/\/drive.google.com\/file\/d\/1r2H5lMQzn2zd4kXZK9m8ceyHc7xwba86\/view?usp=sharing%20\" role=\"button\"><br \/>\n\t\t\t\t\t\tProposta Activitats Extraescolars Curs 2024\/2025<br \/>\n\t\t\t\t\t<\/a><br \/>\n\t\t\t<a href=\"https:\/\/forms.gle\/Mo5Nc5b6t6AmKNPRA%20\" role=\"button\"><br \/>\n\t\t\t\t\t\tFormulari Inscripcions  Extraescolars Curs 2024\/2025<br \/>\n\t\t\t\t\t<\/a><br \/>\n\t\t\t<a href=\"http:\/\/www.ampamartipol.net\/index.php\/normativa-extraescolars\/\" role=\"button\"><br \/>\n\t\t\t\t\t\tFAQs<br \/>\n\t\t\t\t\t<\/a><\/p>\n<p>Us adjuntem la graella provisional d&#8217;activitats pel proper curs<\/p>\n<p>\t\t\t\t\t\t\t\t\t\t\t\t<img decoding=\"async\" width=\"640\" height=\"768\" src=\"http:\/\/www.ampamartipol.net\/wp-content\/uploads\/2024\/07\/my-screenshots-2024-07-28-a-las-23.42.02-1020x1224.jpg\" alt=\"\" loading=\"lazy\" srcset=\"https:\/\/www.ampamartipol.net\/wp-content\/uploads\/2024\/07\/my-screenshots-2024-07-28-a-las-23.42.02-1020x1224.jpg 1020w, https:\/\/www.ampamartipol.net\/wp-content\/uploads\/2024\/07\/my-screenshots-2024-07-28-a-las-23.42.02-632x758.jpg 632w, https:\/\/www.ampamartipol.net\/wp-content\/uploads\/2024\/07\/my-screenshots-2024-07-28-a-las-23.42.02-768x922.jpg 768w, https:\/\/www.ampamartipol.net\/wp-content\/uploads\/2024\/07\/my-screenshots-2024-07-28-a-las-23.42.02-1280x1536.jpg 1280w, https:\/\/www.ampamartipol.net\/wp-content\/uploads\/2024\/07\/my-screenshots-2024-07-28-a-las-23.42.02-1170x1404.jpg 1170w, https:\/\/www.ampamartipol.net\/wp-content\/uploads\/2024\/07\/my-screenshots-2024-07-28-a-las-23.42.02-1320x1584.jpg 1320w, https:\/\/www.ampamartipol.net\/wp-content\/uploads\/2024\/07\/my-screenshots-2024-07-28-a-las-23.42.02.jpg 1480w\" sizes=\"auto, (max-width: 640px) 100vw, 640px\" \/>\t\t\t\t\t\t\t\t\t\t\t\t\t\t<\/p>\n<h2>Com participar-hi<\/h2>\n<p><a href=\"http:\/\/www.ampamartipol.net\/index.php\/contacto\/\">Contacta<\/a> amb nosaltres si vols participar en aquesta comissi\u00f3 o obtenir m\u00e9s informaci\u00f3 sobre el que fem.<\/p>\n","protected":false},"excerpt":{"rendered":"<p>Marta Rachel M\u00f2nica Ricard Xavi Cris Tasques Coordinar i gestionar amb diferents prove\u00efdors cada una de les activitats, vetllant en tot moment per la seva qualitat i millora continua. Seleccionar i contractar els prove\u00efdors de cada una de les activitats. Facilitar informaci\u00f3 a totes les fam\u00edlies interessades en inscriure\u2019s. Mediar<\/p>\n","protected":false},"author":1,"featured_media":0,"parent":35,"menu_order":0,"comment_status":"closed","ping_status":"closed","template":"","meta":{"footnotes":""},"class_list":["post-41","page","type-page","status-publish","hentry",""],"_links":{"self":[{"href":"https:\/\/www.ampamartipol.net\/index.php\/wp-json\/wp\/v2\/pages\/41","targetHints":{"allow":["GET"]}}],"collection":[{"href":"https:\/\/www.ampamartipol.net\/index.php\/wp-json\/wp\/v2\/pages"}],"about":[{"href":"https:\/\/www.ampamartipol.net\/index.php\/wp-json\/wp\/v2\/types\/page"}],"author":[{"embeddable":true,"href":"https:\/\/www.ampamartipol.net\/index.php\/wp-json\/wp\/v2\/users\/1"}],"replies":[{"embeddable":true,"href":"https:\/\/www.ampamartipol.net\/index.php\/wp-json\/wp\/v2\/comments?post=41"}],"version-history":[{"count":159,"href":"https:\/\/www.ampamartipol.net\/index.php\/wp-json\/wp\/v2\/pages\/41\/revisions"}],"predecessor-version":[{"id":6985,"href":"https:\/\/www.ampamartipol.net\/index.php\/wp-json\/wp\/v2\/pages\/41\/revisions\/6985"}],"up":[{"embeddable":true,"href":"https:\/\/www.ampamartipol.net\/index.php\/wp-json\/wp\/v2\/pages\/35"}],"wp:attachment":[{"href":"https:\/\/www.ampamartipol.net\/index.php\/wp-json\/wp\/v2\/media?parent=41"}],"curies":[{"name":"wp","href":"https:\/\/api.w.org\/{rel}","templated":true}]}}