{"id":35,"date":"2018-03-26T09:38:15","date_gmt":"2018-03-26T09:38:15","guid":{"rendered":"http:\/\/www.ampamartipol.net\/?page_id=35"},"modified":"2021-09-19T17:12:42","modified_gmt":"2021-09-19T15:12:42","slug":"comissions","status":"publish","type":"page","link":"https:\/\/www.ampamartipol.net\/index.php\/comissions\/","title":{"rendered":"Les Comissions"},"content":{"rendered":"<figure><img decoding=\"async\" width=\"512\" height=\"512\" src=\"http:\/\/www.ampamartipol.net\/wp-content\/uploads\/2018\/04\/open-book.png\" alt=\"\" loading=\"lazy\" \/><\/figure>\n<h3>Comissi\u00f3 de Biblioteca<\/h3>\n<p>Organitzem trobades de contes i animem a pares, mares i familiars a gaudir de bones estones explicant contes<\/p>\n<figure><img decoding=\"async\" width=\"512\" height=\"512\" src=\"http:\/\/www.ampamartipol.net\/wp-content\/uploads\/2018\/03\/theater.png\" alt=\"\" loading=\"lazy\" \/><\/figure>\n<h3>Comissi\u00f3 de Carnestoltes<\/h3>\n<p>Organitza la disfressa de carnestoltes per tal de participar en la Rua de Sant Feliu.<\/p>\n<figure><img decoding=\"async\" width=\"512\" height=\"512\" src=\"http:\/\/www.ampamartipol.net\/wp-content\/uploads\/2018\/03\/shoe.png\" alt=\"\" loading=\"lazy\" \/><\/figure>\n<h3>Comissi\u00f3 de Casal d&#8217;estiu<\/h3>\n<p>Coordinem el casal d&#8217;estiu, vetllant per seguir donant servei a les fam\u00edlies que ho necessiten, durant Juliol fins al Setembre<\/p>\n<figure><img decoding=\"async\" width=\"200\" height=\"200\" src=\"http:\/\/www.ampamartipol.net\/wp-content\/uploads\/2018\/06\/images5.png\" alt=\"\" loading=\"lazy\" \/><\/figure>\n<h3>Comissi\u00f3 de Comunicaci\u00f3<\/h3>\n<p>Coordinem la comunicaci\u00f3 entre les fam\u00edlies, l&#8217;AFA i l&#8217;escola. Alhora donem suport a la resta de comissions perqu\u00e8  la informaci\u00f3 que necessitin donar a les fam\u00edlies arribi de forma \u00f3ptima<\/p>\n<figure><img decoding=\"async\" width=\"512\" height=\"512\" src=\"http:\/\/www.ampamartipol.net\/wp-content\/uploads\/2019\/06\/football-ball.png\" alt=\"\" loading=\"lazy\" \/><\/figure>\n<h3>Comissi\u00f3 d&#8217;extraescolars<\/h3>\n<p>Coordinem i gestionem amb diferents prove\u00efdors cada una de les<br \/>\nactivitats extraescolars, vetllant en tot moment per la seva qualitat i<br \/>\nmillora cont\u00ednua.<\/p>\n<figure><img decoding=\"async\" width=\"512\" height=\"512\" src=\"http:\/\/www.ampamartipol.net\/wp-content\/uploads\/2019\/06\/masks.png\" alt=\"\" loading=\"lazy\" \/><\/figure>\n<h3>Comissi\u00f3 de Festes<\/h3>\n<p>Organitem i coordinem les celebracions que promou l&#8217;AFA: Castanyada, Festa solid\u00e0ria, Sopar de fi curs, etc..<\/p>\n<figure><img decoding=\"async\" width=\"512\" height=\"512\" src=\"http:\/\/www.ampamartipol.net\/wp-content\/uploads\/2018\/03\/apple.png\" alt=\"\" loading=\"lazy\" \/><\/figure>\n<h3>Comissi\u00f3 de Menjador<\/h3>\n<p>Treballem pel bon funcionament dels serveis relacionats amb l&#8217;espai del migdia.<\/p>\n<figure><img decoding=\"async\" width=\"512\" height=\"512\" src=\"http:\/\/www.ampamartipol.net\/wp-content\/uploads\/2018\/04\/house.png\" alt=\"\" loading=\"lazy\" \/><\/figure>\n<h3>Comissi\u00f3 d&#8217;Obres<\/h3>\n<p>Comissi\u00f3 per donar suport des del primer moment a l\u2019escola, per tal de<br \/>\nrefor\u00e7ar el projecte d\u2019obres en diverses infraestructures.<\/p>\n<figure><img decoding=\"async\" width=\"512\" height=\"512\" src=\"http:\/\/www.ampamartipol.net\/wp-content\/uploads\/2018\/03\/soccer.png\" alt=\"\" loading=\"lazy\" \/><\/figure>\n<h3>Comissi\u00f3 de Patis<\/h3>\n<p>Comissi\u00f3 per donar resposta a les necessitats, mancances i millores a fer als patis de l\u2019escola<\/p>\n<figure><img decoding=\"async\" width=\"512\" height=\"512\" src=\"http:\/\/www.ampamartipol.net\/wp-content\/uploads\/2019\/06\/keyboard.png\" alt=\"\" loading=\"lazy\" \/><\/figure>\n<h3>Comissi\u00f3 de Tresoreria<\/h3>\n<p>Comissi\u00f3 per gestionar els fons de l&#8217;AFA d&#8217;acord amb el pl\u00e0 aprovat en Junta General i en el que es decideix en les reunions de la Junta.<\/p>\n","protected":false},"excerpt":{"rendered":"<p>Comissi\u00f3 de Biblioteca Organitzem trobades de contes i animem a pares, mares i familiars a gaudir de bones estones explicant contes Comissi\u00f3 de Carnestoltes Organitza la disfressa de carnestoltes per tal de participar en la Rua de Sant Feliu. Comissi\u00f3 de Casal d&#8217;estiu Coordinem el casal d&#8217;estiu, vetllant per seguir<\/p>\n","protected":false},"author":1,"featured_media":0,"parent":0,"menu_order":0,"comment_status":"closed","ping_status":"closed","template":"","meta":{"footnotes":""},"class_list":["post-35","page","type-page","status-publish","hentry",""],"_links":{"self":[{"href":"https:\/\/www.ampamartipol.net\/index.php\/wp-json\/wp\/v2\/pages\/35","targetHints":{"allow":["GET"]}}],"collection":[{"href":"https:\/\/www.ampamartipol.net\/index.php\/wp-json\/wp\/v2\/pages"}],"about":[{"href":"https:\/\/www.ampamartipol.net\/index.php\/wp-json\/wp\/v2\/types\/page"}],"author":[{"embeddable":true,"href":"https:\/\/www.ampamartipol.net\/index.php\/wp-json\/wp\/v2\/users\/1"}],"replies":[{"embeddable":true,"href":"https:\/\/www.ampamartipol.net\/index.php\/wp-json\/wp\/v2\/comments?post=35"}],"version-history":[{"count":53,"href":"https:\/\/www.ampamartipol.net\/index.php\/wp-json\/wp\/v2\/pages\/35\/revisions"}],"predecessor-version":[{"id":5668,"href":"https:\/\/www.ampamartipol.net\/index.php\/wp-json\/wp\/v2\/pages\/35\/revisions\/5668"}],"wp:attachment":[{"href":"https:\/\/www.ampamartipol.net\/index.php\/wp-json\/wp\/v2\/media?parent=35"}],"curies":[{"name":"wp","href":"https:\/\/api.w.org\/{rel}","templated":true}]}}