{"id":1330,"date":"2018-04-13T21:01:15","date_gmt":"2018-04-13T19:01:15","guid":{"rendered":"http:\/\/www.ampamartipol.net\/?page_id=1330"},"modified":"2023-05-23T12:44:39","modified_gmt":"2023-05-23T10:44:39","slug":"carnestoltes","status":"publish","type":"page","link":"https:\/\/www.ampamartipol.net\/index.php\/comissions\/carnestoltes\/","title":{"rendered":"Comissi\u00f3 de Carnestoltes\/Festes"},"content":{"rendered":"<h2><u>Tasques<\/u><\/h2>\n<ul>\n<li>Organitza la disfressa de carnestoltes per tal de participar a la Rua de Sant Feliu<\/li>\n<li>A partir de la Tardor s&#8217;encarrega d&#8217;organitzar el Carnestoltes per tal de participar a la Rua.<\/li>\n<li>Pensar i dissenyar la disfressa, ball i m\u00fasica.<\/li>\n<li>Coordinar la posada en marxa de la comparsa.<\/li>\n<li>Dinamitzar els diferents canals de comunicaci\u00f3 que l\u2019Ampa t\u00e9 amb les fam\u00edlies.<\/li>\n<li>Buscar la implicaci\u00f3 de les fam\u00edlies.<\/li>\n<li>Organitza i coordina les celebracions que promou l&#8217;AMPA: Festa Solid\u00e0ria, Sopar de Fi de curs, Venda de la Loteria de Nadal, Foto de grup classe, cerca de voluntaris, etc.<\/li>\n<li>Planificar el calendari de festes i organitzar-les.&nbsp;<\/li>\n<li>Informar als pares dels esdeveniments, aix\u00ed com, si es necessiten&nbsp; voluntaris puntuals.<\/li>\n<li>Fer el muntatge de la festa i el conseq\u00fcent desmuntatge,<\/li>\n<li>Vetllar per l&#8217;ordre i la neteja despr\u00e9s de les celebracions.<\/li>\n<\/ul>\n<h2>Com participar-hi<\/h2>\n<p>Contacta amb nosaltres si vols participar en aquesta comissi\u00f3 o obtenir m\u00e9s informaci\u00f3 sobre el que fem.<\/p>\n<figure><img decoding=\"async\" src=\"http:\/\/www.ampamartipol.net\/wp-content\/uploads\/2021\/09\/que-es-email-correo-electronico-640x640-1-632x632.jpg\" alt=\"\" loading=\"lazy\" width=\"632\" height=\"632\"><\/figure>\n<h4><a href=\"mailto:carnestoltes@ampamartipol.net\" style=\"box-sizing: inherit; color: rgb(68, 68, 68); outline: 0px; font-family: Muli; font-size: 1rem; font-weight: normal; letter-spacing: normal; white-space: normal;\">carnestoltes@ampamartipol.net<\/a><\/h4>\n","protected":false},"excerpt":{"rendered":"<p>Tasques Organitza la disfressa de carnestoltes per tal de participar a la Rua de Sant Feliu A partir de la Tardor s&#8217;encarrega d&#8217;organitzar el Carnestoltes per tal de participar a la Rua. Pensar i dissenyar la disfressa, ball i m\u00fasica. Coordinar la posada en marxa de la comparsa. Dinamitzar els<\/p>\n","protected":false},"author":1,"featured_media":0,"parent":35,"menu_order":0,"comment_status":"closed","ping_status":"closed","template":"","meta":{"footnotes":""},"class_list":["post-1330","page","type-page","status-publish","hentry",""],"_links":{"self":[{"href":"https:\/\/www.ampamartipol.net\/index.php\/wp-json\/wp\/v2\/pages\/1330","targetHints":{"allow":["GET"]}}],"collection":[{"href":"https:\/\/www.ampamartipol.net\/index.php\/wp-json\/wp\/v2\/pages"}],"about":[{"href":"https:\/\/www.ampamartipol.net\/index.php\/wp-json\/wp\/v2\/types\/page"}],"author":[{"embeddable":true,"href":"https:\/\/www.ampamartipol.net\/index.php\/wp-json\/wp\/v2\/users\/1"}],"replies":[{"embeddable":true,"href":"https:\/\/www.ampamartipol.net\/index.php\/wp-json\/wp\/v2\/comments?post=1330"}],"version-history":[{"count":48,"href":"https:\/\/www.ampamartipol.net\/index.php\/wp-json\/wp\/v2\/pages\/1330\/revisions"}],"predecessor-version":[{"id":6878,"href":"https:\/\/www.ampamartipol.net\/index.php\/wp-json\/wp\/v2\/pages\/1330\/revisions\/6878"}],"up":[{"embeddable":true,"href":"https:\/\/www.ampamartipol.net\/index.php\/wp-json\/wp\/v2\/pages\/35"}],"wp:attachment":[{"href":"https:\/\/www.ampamartipol.net\/index.php\/wp-json\/wp\/v2\/media?parent=1330"}],"curies":[{"name":"wp","href":"https:\/\/api.w.org\/{rel}","templated":true}]}}