{"id":914,"date":"2018-04-04T23:45:55","date_gmt":"2018-04-04T21:45:55","guid":{"rendered":"http:\/\/www.ampamartipol.net\/?page_id=914"},"modified":"2022-01-24T08:53:42","modified_gmt":"2022-01-24T07:53:42","slug":"servei-dacollida","status":"publish","type":"page","link":"http:\/\/www.ampamartipol.net\/index.php\/servei-dacollida\/","title":{"rendered":"Servei d&#8217;acollida"},"content":{"rendered":"<p><img decoding=\"async\" src=\"http:\/\/www.ampamartipol.net\/wp-content\/uploads\/2022\/01\/Captura-de-pantalla-2022-01-24-a-las-8.46.00-1020x810.png\" alt=\"\" loading=\"lazy\" srcset=\"http:\/\/www.ampamartipol.net\/wp-content\/uploads\/2022\/01\/Captura-de-pantalla-2022-01-24-a-las-8.46.00-1020x810.png 1020w, http:\/\/www.ampamartipol.net\/wp-content\/uploads\/2022\/01\/Captura-de-pantalla-2022-01-24-a-las-8.46.00-632x502.png 632w, http:\/\/www.ampamartipol.net\/wp-content\/uploads\/2022\/01\/Captura-de-pantalla-2022-01-24-a-las-8.46.00-768x610.png 768w, http:\/\/www.ampamartipol.net\/wp-content\/uploads\/2022\/01\/Captura-de-pantalla-2022-01-24-a-las-8.46.00.png 1056w\" sizes=\"auto, (max-width: 640px) 100vw, 640px\" width=\"640\" height=\"508\"><\/p>\n<h3>\n\t\t\t\t\t\tInformaci\u00f3 addicional<\/h3>\n<p>Els mesos de setembre i juny es cobrar\u00e0 la part proporcional del servei.<br \/>\nPer altra banda, us comuniquem que els rebuts es passaran del 5 al 15 a mes ven\u00e7ut.<br \/>\nEn cas de voler pagar en met\u00e0l\u00b7lic, si us plau, poseu-vos en contacte amb les monitores de l\u2019activitat.<br \/>\nEstem a la vostra disposici\u00f3 per qualsevol dubte o aclariment:<br \/>\nmenjadormiquelmartipol@gmail.com<\/p>\n","protected":false},"excerpt":{"rendered":"<p>Informaci\u00f3 addicional Els mesos de setembre i juny es cobrar\u00e0 la part proporcional del servei. Per altra banda, us comuniquem que els rebuts es passaran del 5 al 15 a mes ven\u00e7ut. En cas de voler pagar en met\u00e0l\u00b7lic, si us plau, poseu-vos en contacte amb les monitores de l\u2019activitat.<\/p>\n","protected":false},"author":1,"featured_media":0,"parent":0,"menu_order":0,"comment_status":"closed","ping_status":"closed","template":"","meta":{"footnotes":""},"class_list":["post-914","page","type-page","status-publish","hentry",""],"_links":{"self":[{"href":"http:\/\/www.ampamartipol.net\/index.php\/wp-json\/wp\/v2\/pages\/914","targetHints":{"allow":["GET"]}}],"collection":[{"href":"http:\/\/www.ampamartipol.net\/index.php\/wp-json\/wp\/v2\/pages"}],"about":[{"href":"http:\/\/www.ampamartipol.net\/index.php\/wp-json\/wp\/v2\/types\/page"}],"author":[{"embeddable":true,"href":"http:\/\/www.ampamartipol.net\/index.php\/wp-json\/wp\/v2\/users\/1"}],"replies":[{"embeddable":true,"href":"http:\/\/www.ampamartipol.net\/index.php\/wp-json\/wp\/v2\/comments?post=914"}],"version-history":[{"count":38,"href":"http:\/\/www.ampamartipol.net\/index.php\/wp-json\/wp\/v2\/pages\/914\/revisions"}],"predecessor-version":[{"id":6188,"href":"http:\/\/www.ampamartipol.net\/index.php\/wp-json\/wp\/v2\/pages\/914\/revisions\/6188"}],"wp:attachment":[{"href":"http:\/\/www.ampamartipol.net\/index.php\/wp-json\/wp\/v2\/media?parent=914"}],"curies":[{"name":"wp","href":"https:\/\/api.w.org\/{rel}","templated":true}]}}