{"id":461,"date":"2018-03-28T12:59:30","date_gmt":"2018-03-28T10:59:30","guid":{"rendered":"http:\/\/www.ampamartipol.net\/?page_id=461"},"modified":"2021-09-19T23:17:23","modified_gmt":"2021-09-19T21:17:23","slug":"normativa-extraescolars","status":"publish","type":"page","link":"http:\/\/www.ampamartipol.net\/index.php\/comissions\/extraescolars\/normativa-extraescolars\/","title":{"rendered":"FAQs Extraescolars"},"content":{"rendered":"<h4>\n\t\t\t\t\t\tInscripci\u00f3<br \/>\n\t\t\t\t<\/h4>\n<p>\n\t\t\t\t\t\tEl fet d\u2019inscriure\u2019s a una activitat no implica necess\u00e0riament la seva realitzaci\u00f3 ja que el fet que es duguin a terme dependr\u00e0 del nombre de nens i nenes inscrits, en tant que cada prove\u00efdor fixa un n\u00famero m\u00ednim d\u2019infants per a la realitzaci\u00f3 de l\u2019activitat.\t\t\t\t\t<\/p>\n<h4>\n\t\t\t\t\t\tQue passa quan una activitat NO es dur a terme?<br \/>\n\t\t\t\t<\/h4>\n<p>\n\t\t\t\t\t\tNOM\u00c9S EN CAS QUE l\u2019activitat a la que us h\u00e0giu inscrit o a la que h\u00e0giu inscrit els vostres fills\/es NO ES DUGU\u00c9S A TERME, la Comissi\u00f3 d\u2019Extraescolars es posaria en contacte amb les fam\u00edlies afectades a trav\u00e9s de les dades proporcionades al formulari online omplert en el moment de la inscripci\u00f3 a l\u2019activitat.\n\t\t\t\t\t<\/p>\n<h4>\n\t\t\t\t\t\tQue passa quan hi ha canvis en el calendari i horari?<br \/>\n\t\t\t\t<\/h4>\n<p>\n\t\t\t\t\t\tSi hi hagu\u00e9s cap canvi relacionat amb el calendari de les activitats, s\u2019informar\u00e0 a les fam\u00edlies implicades per tal que valorin les possibilitats ofertes.\t\t\t\t\t<\/p>\n<h4>\n\t\t\t\t\t\tQue passa quan hi ha m\u00e9s inscripcions que places?<br \/>\n\t\t\t\t<\/h4>\n<p>\n\t\t\t\t\t\tDe la mateixa manera, els grups tenen un l\u00edmit m\u00e0xim de nens i nenes. En el cas que s\u2019ompli alguna de les activitats i no hi hagi prou infants per a cobrir un nou grup amb un m\u00ednim de nens\/es, prevaldr\u00e0 l\u2019ordre d\u2019inscripci\u00f3 que mostrar\u00e0 el formulari on-line omplert. De manera que aquells que s\u2019hagin inscrit en darrer terme seran els que, en cas necessari, formarien part de la llista d\u2019espera per a dur a terme l\u2019activitat. Sempre que sigui possible es fomentar\u00e0 la generaci\u00f3 de diversos grups.\t\t\t\t\t<\/p>\n<h4>\n\t\t\t\t\t\tExtraescolars per nens i nens de P3<br \/>\n\t\t\t\t<\/h4>\n<p>\n\t\t\t\t\t\tLes activitats extraescolars dirigides a nens i nenes de P3 es presentaran al final del primer trimestre, ja que, aquestes s\u2019iniciaran al gener per tal de fer possible una entrada pausada a l\u2019escola, permetent als nens i nenes anar-se introduint en la din\u00e0mica escolar de manera calmada.\t\t\t\t\t<\/p>\n<h4>\n\t\t\t\t\t\tCanvis en els preus<br \/>\n\t\t\t\t<\/h4>\n<p>\n\t\t\t\t\t\tEls\u00a0 preus poden estar subjectes a canvis. En el cas que se\u2019n produ\u00efssin s\u2019informar\u00e0 a les fam\u00edlies.\t\t\t\t\t<\/p>\n","protected":false},"excerpt":{"rendered":"<p>Inscripci\u00f3 El fet d\u2019inscriure\u2019s a una activitat no implica necess\u00e0riament la seva realitzaci\u00f3 ja que el fet que es duguin a terme dependr\u00e0 del nombre de nens i nenes inscrits, en tant que cada prove\u00efdor fixa un n\u00famero m\u00ednim d\u2019infants per a la realitzaci\u00f3 de l\u2019activitat. Que passa quan una<\/p>\n","protected":false},"author":1,"featured_media":0,"parent":41,"menu_order":0,"comment_status":"closed","ping_status":"closed","template":"","meta":{"footnotes":""},"class_list":["post-461","page","type-page","status-publish","hentry",""],"_links":{"self":[{"href":"http:\/\/www.ampamartipol.net\/index.php\/wp-json\/wp\/v2\/pages\/461","targetHints":{"allow":["GET"]}}],"collection":[{"href":"http:\/\/www.ampamartipol.net\/index.php\/wp-json\/wp\/v2\/pages"}],"about":[{"href":"http:\/\/www.ampamartipol.net\/index.php\/wp-json\/wp\/v2\/types\/page"}],"author":[{"embeddable":true,"href":"http:\/\/www.ampamartipol.net\/index.php\/wp-json\/wp\/v2\/users\/1"}],"replies":[{"embeddable":true,"href":"http:\/\/www.ampamartipol.net\/index.php\/wp-json\/wp\/v2\/comments?post=461"}],"version-history":[{"count":7,"href":"http:\/\/www.ampamartipol.net\/index.php\/wp-json\/wp\/v2\/pages\/461\/revisions"}],"predecessor-version":[{"id":5757,"href":"http:\/\/www.ampamartipol.net\/index.php\/wp-json\/wp\/v2\/pages\/461\/revisions\/5757"}],"up":[{"embeddable":true,"href":"http:\/\/www.ampamartipol.net\/index.php\/wp-json\/wp\/v2\/pages\/41"}],"wp:attachment":[{"href":"http:\/\/www.ampamartipol.net\/index.php\/wp-json\/wp\/v2\/media?parent=461"}],"curies":[{"name":"wp","href":"https:\/\/api.w.org\/{rel}","templated":true}]}}